{"id":165,"date":"2023-09-21T09:42:44","date_gmt":"2023-09-21T07:42:44","guid":{"rendered":"https:\/\/machenev.de\/?page_id=165"},"modified":"2023-09-22T13:48:13","modified_gmt":"2023-09-22T11:48:13","slug":"datenschutz","status":"publish","type":"page","link":"https:\/\/machenev.de\/?page_id=165","title":{"rendered":"Datenschutz"},"content":{"rendered":"\t\t<div data-elementor-type=\"wp-page\" data-elementor-id=\"165\" class=\"elementor elementor-165\" data-elementor-post-type=\"page\">\n\t\t\t\t\t\t<section class=\"elementor-section elementor-top-section elementor-element elementor-element-5a4419d elementor-section-height-min-height elementor-section-stretched elementor-section-boxed elementor-section-height-default elementor-section-items-middle\" data-id=\"5a4419d\" data-element_type=\"section\" data-settings=\"{&quot;stretch_section&quot;:&quot;section-stretched&quot;,&quot;jet_parallax_layout_list&quot;:[],&quot;background_background&quot;:&quot;classic&quot;}\">\n\t\t\t\t\t\t\t<div class=\"elementor-background-overlay\"><\/div>\n\t\t\t\t\t\t\t<div class=\"elementor-container elementor-column-gap-default\">\n\t\t\t\t\t<div class=\"elementor-column elementor-col-100 elementor-top-column elementor-element elementor-element-4c50f96\" data-id=\"4c50f96\" data-element_type=\"column\">\n\t\t\t<div class=\"elementor-widget-wrap elementor-element-populated\">\n\t\t\t\t\t\t<div class=\"elementor-element elementor-element-8e5e6ab elementor-widget elementor-widget-spacer\" data-id=\"8e5e6ab\" data-element_type=\"widget\" data-widget_type=\"spacer.default\">\n\t\t\t\t<div class=\"elementor-widget-container\">\n\t\t\t<style>\/*! elementor - v3.23.0 - 15-07-2024 *\/\n.elementor-column .elementor-spacer-inner{height:var(--spacer-size)}.e-con{--container-widget-width:100%}.e-con-inner>.elementor-widget-spacer,.e-con>.elementor-widget-spacer{width:var(--container-widget-width,var(--spacer-size));--align-self:var(--container-widget-align-self,initial);--flex-shrink:0}.e-con-inner>.elementor-widget-spacer>.elementor-widget-container,.e-con>.elementor-widget-spacer>.elementor-widget-container{height:100%;width:100%}.e-con-inner>.elementor-widget-spacer>.elementor-widget-container>.elementor-spacer,.e-con>.elementor-widget-spacer>.elementor-widget-container>.elementor-spacer{height:100%}.e-con-inner>.elementor-widget-spacer>.elementor-widget-container>.elementor-spacer>.elementor-spacer-inner,.e-con>.elementor-widget-spacer>.elementor-widget-container>.elementor-spacer>.elementor-spacer-inner{height:var(--container-widget-height,var(--spacer-size))}.e-con-inner>.elementor-widget-spacer.elementor-widget-empty,.e-con>.elementor-widget-spacer.elementor-widget-empty{position:relative;min-height:22px;min-width:22px}.e-con-inner>.elementor-widget-spacer.elementor-widget-empty .elementor-widget-empty-icon,.e-con>.elementor-widget-spacer.elementor-widget-empty .elementor-widget-empty-icon{position:absolute;top:0;bottom:0;left:0;right:0;margin:auto;padding:0;width:22px;height:22px}<\/style>\t\t<div class=\"elementor-spacer\">\n\t\t\t<div class=\"elementor-spacer-inner\"><\/div>\n\t\t<\/div>\n\t\t\t\t<\/div>\n\t\t\t\t<\/div>\n\t\t\t\t<div class=\"elementor-element elementor-element-9cb8371 elementor-widget elementor-widget-heading\" data-id=\"9cb8371\" data-element_type=\"widget\" data-widget_type=\"heading.default\">\n\t\t\t\t<div class=\"elementor-widget-container\">\n\t\t\t<style>\/*! elementor - v3.23.0 - 15-07-2024 *\/\n.elementor-heading-title{padding:0;margin:0;line-height:1}.elementor-widget-heading .elementor-heading-title[class*=elementor-size-]>a{color:inherit;font-size:inherit;line-height:inherit}.elementor-widget-heading .elementor-heading-title.elementor-size-small{font-size:15px}.elementor-widget-heading .elementor-heading-title.elementor-size-medium{font-size:19px}.elementor-widget-heading .elementor-heading-title.elementor-size-large{font-size:29px}.elementor-widget-heading .elementor-heading-title.elementor-size-xl{font-size:39px}.elementor-widget-heading .elementor-heading-title.elementor-size-xxl{font-size:59px}<\/style><h2 class=\"elementor-heading-title elementor-size-default\">Datenschutz<\/h2>\t\t<\/div>\n\t\t\t\t<\/div>\n\t\t\t\t<div class=\"elementor-element elementor-element-830eb0b elementor-widget elementor-widget-text-editor\" data-id=\"830eb0b\" data-element_type=\"widget\" data-widget_type=\"text-editor.default\">\n\t\t\t\t<div class=\"elementor-widget-container\">\n\t\t\t<style>\/*! elementor - v3.23.0 - 15-07-2024 *\/\n.elementor-widget-text-editor.elementor-drop-cap-view-stacked .elementor-drop-cap{background-color:#69727d;color:#fff}.elementor-widget-text-editor.elementor-drop-cap-view-framed .elementor-drop-cap{color:#69727d;border:3px solid;background-color:transparent}.elementor-widget-text-editor:not(.elementor-drop-cap-view-default) .elementor-drop-cap{margin-top:8px}.elementor-widget-text-editor:not(.elementor-drop-cap-view-default) .elementor-drop-cap-letter{width:1em;height:1em}.elementor-widget-text-editor .elementor-drop-cap{float:left;text-align:center;line-height:1;font-size:50px}.elementor-widget-text-editor .elementor-drop-cap-letter{display:inline-block}<\/style>\t\t\t\t<p><strong>Datenschutz bei Machen e. V.<\/strong><br \/><strong>Verantwortliche Stelle im Sinne der Datenschutzgrundverordnung f\u00fcr die Datenverarbeitung auf dieser Webseite ist:<\/strong><\/p>\t\t\t\t\t\t<\/div>\n\t\t\t\t<\/div>\n\t\t\t\t<section class=\"elementor-section elementor-inner-section elementor-element elementor-element-c00937a elementor-section-full_width elementor-hidden-tablet elementor-section-height-default elementor-section-height-default\" data-id=\"c00937a\" data-element_type=\"section\" data-settings=\"{&quot;jet_parallax_layout_list&quot;:[]}\">\n\t\t\t\t\t\t<div class=\"elementor-container elementor-column-gap-no\">\n\t\t\t\t\t<div class=\"elementor-column elementor-col-25 elementor-inner-column elementor-element elementor-element-b62173f\" data-id=\"b62173f\" data-element_type=\"column\">\n\t\t\t<div class=\"elementor-widget-wrap elementor-element-populated\">\n\t\t\t\t\t\t<div class=\"elementor-element elementor-element-3898609 elementor-widget elementor-widget-text-editor\" data-id=\"3898609\" data-element_type=\"widget\" data-widget_type=\"text-editor.default\">\n\t\t\t\t<div class=\"elementor-widget-container\">\n\t\t\t\t\t\t\t<p><strong>Machen e. V.<\/strong><br \/>Sulzbacher Str. 206<br \/>71522 Backnang<\/p>\t\t\t\t\t\t<\/div>\n\t\t\t\t<\/div>\n\t\t\t\t\t<\/div>\n\t\t<\/div>\n\t\t\t\t<div class=\"elementor-column elementor-col-25 elementor-inner-column elementor-element elementor-element-79e881e\" data-id=\"79e881e\" data-element_type=\"column\">\n\t\t\t<div class=\"elementor-widget-wrap elementor-element-populated\">\n\t\t\t\t\t\t<div class=\"elementor-element elementor-element-1e7eeeb elementor-widget elementor-widget-text-editor\" data-id=\"1e7eeeb\" data-element_type=\"widget\" data-widget_type=\"text-editor.default\">\n\t\t\t\t<div class=\"elementor-widget-container\">\n\t\t\t\t\t\t\t<p><a style=\"background-color: #ffffff;\" href=\"tel:004915771467287\">+49 (0) 157 714 672 87<\/a><br \/><a style=\"background-color: #ffffff;\" href=\"mailto:machen@machenev.de\">machen@machenev.de<\/a><br \/><a style=\"background-color: #ffffff;\" href=\"http:\/\/machenev.de\">www.machenev.de<\/a><\/p>\t\t\t\t\t\t<\/div>\n\t\t\t\t<\/div>\n\t\t\t\t\t<\/div>\n\t\t<\/div>\n\t\t\t\t<div class=\"elementor-column elementor-col-25 elementor-inner-column elementor-element elementor-element-1e83dcf\" data-id=\"1e83dcf\" data-element_type=\"column\">\n\t\t\t<div class=\"elementor-widget-wrap\">\n\t\t\t\t\t\t\t<\/div>\n\t\t<\/div>\n\t\t\t\t<div class=\"elementor-column elementor-col-25 elementor-inner-column elementor-element elementor-element-f67eabe\" data-id=\"f67eabe\" data-element_type=\"column\">\n\t\t\t<div class=\"elementor-widget-wrap\">\n\t\t\t\t\t\t\t<\/div>\n\t\t<\/div>\n\t\t\t\t\t<\/div>\n\t\t<\/section>\n\t\t\t\t<section class=\"elementor-section elementor-inner-section elementor-element elementor-element-1fbcde8 elementor-section-full_width elementor-hidden-desktop elementor-hidden-mobile elementor-section-height-default elementor-section-height-default\" data-id=\"1fbcde8\" data-element_type=\"section\" data-settings=\"{&quot;jet_parallax_layout_list&quot;:[]}\">\n\t\t\t\t\t\t<div class=\"elementor-container elementor-column-gap-no\">\n\t\t\t\t\t<div class=\"elementor-column elementor-col-33 elementor-inner-column elementor-element elementor-element-0d9f1a4\" data-id=\"0d9f1a4\" data-element_type=\"column\">\n\t\t\t<div class=\"elementor-widget-wrap elementor-element-populated\">\n\t\t\t\t\t\t<div class=\"elementor-element elementor-element-d7168d8 elementor-widget elementor-widget-text-editor\" data-id=\"d7168d8\" data-element_type=\"widget\" data-widget_type=\"text-editor.default\">\n\t\t\t\t<div class=\"elementor-widget-container\">\n\t\t\t\t\t\t\t<p><strong>Machen e. V.<\/strong><br \/>Sulzbacher Str. 206<br \/>71522 Backnang<\/p>\t\t\t\t\t\t<\/div>\n\t\t\t\t<\/div>\n\t\t\t\t\t<\/div>\n\t\t<\/div>\n\t\t\t\t<div class=\"elementor-column elementor-col-33 elementor-inner-column elementor-element elementor-element-258e3df\" data-id=\"258e3df\" data-element_type=\"column\">\n\t\t\t<div class=\"elementor-widget-wrap elementor-element-populated\">\n\t\t\t\t\t\t<div class=\"elementor-element elementor-element-129385c elementor-widget elementor-widget-text-editor\" data-id=\"129385c\" data-element_type=\"widget\" data-widget_type=\"text-editor.default\">\n\t\t\t\t<div class=\"elementor-widget-container\">\n\t\t\t\t\t\t\t<p><a style=\"background-color: #ffffff;\" href=\"tel:004915771467287\">+49 (0) 157 714 672 87<\/a><br \/><a style=\"background-color: #ffffff;\" href=\"mailto:machen@machenev.de\">machen@machenev.de<\/a><br \/><a style=\"background-color: #ffffff;\" href=\"http:\/\/machenev.de\">www.machenev.de<\/a><\/p>\t\t\t\t\t\t<\/div>\n\t\t\t\t<\/div>\n\t\t\t\t\t<\/div>\n\t\t<\/div>\n\t\t\t\t<div class=\"elementor-column elementor-col-33 elementor-inner-column elementor-element elementor-element-bc20d69\" data-id=\"bc20d69\" data-element_type=\"column\">\n\t\t\t<div class=\"elementor-widget-wrap\">\n\t\t\t\t\t\t\t<\/div>\n\t\t<\/div>\n\t\t\t\t\t<\/div>\n\t\t<\/section>\n\t\t\t\t<div class=\"elementor-element elementor-element-a564d89 elementor-widget elementor-widget-spacer\" data-id=\"a564d89\" data-element_type=\"widget\" data-widget_type=\"spacer.default\">\n\t\t\t\t<div class=\"elementor-widget-container\">\n\t\t\t\t\t<div class=\"elementor-spacer\">\n\t\t\t<div class=\"elementor-spacer-inner\"><\/div>\n\t\t<\/div>\n\t\t\t\t<\/div>\n\t\t\t\t<\/div>\n\t\t\t\t<div class=\"elementor-element elementor-element-bd72bb4 elementor-widget elementor-widget-text-editor\" data-id=\"bd72bb4\" data-element_type=\"widget\" data-widget_type=\"text-editor.default\">\n\t\t\t\t<div class=\"elementor-widget-container\">\n\t\t\t\t\t\t\t<p><strong>Datenschutz im Rahmen unserer Gesch\u00e4ftsbeziehungen<\/strong><\/p><p>Ihre bei uns gespeicherten Daten verarbeiten wir nur im Rahmen unserer Gesch\u00e4ftsbeziehung. Der Schutz Ihrer personenbezogenen Daten ist uns sehr wichtig. Mit den folgenden Datenschutzhinweisen m\u00f6chten wir zum Umgang mit Ihren Daten und Ihre damit verbundenen Rechte informieren:<\/p><p><strong>Datenschutz f\u00fcr unsere Websitebesucher<\/strong><\/p><p>Sollten Sie unsere Website besuchen, \u00fcbermitteln Sie \u00fcber Ihren Internetbrowser Daten an unseren Webserver, welche zur Anzeige dieser Website erforderlich sind. Insbesondere sind dies:<\/p><ul><li>IP-Adresse<\/li><li>Datum und Uhrzeit der Anforderung<\/li><li>Name der angeforderten Datei<\/li><li>Seite, von der die Anforderung kommt<\/li><li>Webbrowser und Betriebssystem<\/li><li>\u00fcbertragene Datenmenge<\/li><\/ul><p>Rechtsgrundlage f\u00fcr die Verarbeitung dieser Daten ist das berechtigte Interesse gem\u00e4\u00df Art. 6 Abs. 1 f) DSGVO um die Darstellung der Website generell zu erm\u00f6glichen.<br \/>Nach sp\u00e4testens sieben Tagen werden die Daten aus den Serverlogfiles gel\u00f6scht. Eine Weitergabe an Dritte findet nicht statt.<\/p><p><strong>Einsatz von Cookies<\/strong><\/p><p>Cookies sind kleine Textdateien, die vom Webserver an Ihren PC verschickt werden und beim Besuch der Website auf Ihrer Festplatte gespeichert werden. Cookies k\u00f6nnen keine Programme ausf\u00fchren und auch keine Viren auf Ihr Ger\u00e4t \u00fcbertragen. Cookies dienen dazu, das Internetangebot benutzerfreundlicher zu machen. Mithilfe von Cookies kann beispielsweise das Ger\u00e4t, mit dem diese Website aufgerufen wurde, bei einem erneuten Aufruf erkannt werden. Wir versenden ausschlie\u00dfliche Session-Cookies im Zusammenspiel mit Ihrem Internet-Browser zur Nutzung unserer Website. Diese Session-Cookies beinhalten keine personenbezogenen Daten und verfallen nach Ablauf der Sitzung.<\/p><p><strong>Ihre Rechte als Betroffener<\/strong><\/p><p>Jede betroffene Person hat das Recht auf Auskunft (Art. 15 DSGVO), das Recht auf Berichtigung (Art. 16 DSGVO), das Recht auf L\u00f6schung (Art. 17 DSGVO), das Recht auf Einschr\u00e4nkung der Verarbeitung (Art. 18 DSGVO), sowie das Recht auf Daten\u00fcbertragbarkeit (Art. 20 DSGVO). Es besteht eine Beschwerderecht bei der zust\u00e4ndigen Datenschutzaufsichtsbeh\u00f6rde (Art. 77 DSGVO): Landesbeauftragter f\u00fcr den Datenschutz und die Informationsfreiheit Baden-W\u00fcrttemberg.<\/p><p><strong>Widerspruchsrecht<\/strong><\/p><p>Sie haben ein Widerspruchsrecht gegen die Verarbeitung Ihrer personenbezogenen Daten (Art. 21 DSGVO), welchen Sie bitte an uns als verantwortliche Stelle richten.<\/p>\t\t\t\t\t\t<\/div>\n\t\t\t\t<\/div>\n\t\t\t\t\t<\/div>\n\t\t<\/div>\n\t\t\t\t\t<\/div>\n\t\t<\/section>\n\t\t\t\t<\/div>\n\t\t","protected":false},"excerpt":{"rendered":"<p>Datenschutz Datenschutz bei Machen e. V.Verantwortliche Stelle im Sinne der Datenschutzgrundverordnung f\u00fcr die Datenverarbeitung auf dieser Webseite ist: Machen e. V.Sulzbacher Str. 20671522 Backnang +49 (0) 157 714 672 87machen@machenev.dewww.machenev.de Machen e. V.Sulzbacher Str. 20671522 Backnang +49 (0) 157 714 672 87machen@machenev.dewww.machenev.de Datenschutz im Rahmen unserer Gesch\u00e4ftsbeziehungen Ihre bei uns gespeicherten Daten verarbeiten wir nur [&hellip;]<\/p>\n","protected":false},"author":2,"featured_media":0,"parent":0,"menu_order":0,"comment_status":"closed","ping_status":"closed","template":"","meta":{"_acf_changed":false,"footnotes":""},"class_list":["post-165","page","type-page","status-publish","hentry"],"acf":[],"_links":{"self":[{"href":"https:\/\/machenev.de\/index.php?rest_route=\/wp\/v2\/pages\/165","targetHints":{"allow":["GET"]}}],"collection":[{"href":"https:\/\/machenev.de\/index.php?rest_route=\/wp\/v2\/pages"}],"about":[{"href":"https:\/\/machenev.de\/index.php?rest_route=\/wp\/v2\/types\/page"}],"author":[{"embeddable":true,"href":"https:\/\/machenev.de\/index.php?rest_route=\/wp\/v2\/users\/2"}],"replies":[{"embeddable":true,"href":"https:\/\/machenev.de\/index.php?rest_route=%2Fwp%2Fv2%2Fcomments&post=165"}],"version-history":[{"count":10,"href":"https:\/\/machenev.de\/index.php?rest_route=\/wp\/v2\/pages\/165\/revisions"}],"predecessor-version":[{"id":556,"href":"https:\/\/machenev.de\/index.php?rest_route=\/wp\/v2\/pages\/165\/revisions\/556"}],"wp:attachment":[{"href":"https:\/\/machenev.de\/index.php?rest_route=%2Fwp%2Fv2%2Fmedia&parent=165"}],"curies":[{"name":"wp","href":"https:\/\/api.w.org\/{rel}","templated":true}]}}