{"id":349,"date":"2023-09-21T16:41:14","date_gmt":"2023-09-21T14:41:14","guid":{"rendered":"https:\/\/machenev.de\/?page_id=349"},"modified":"2023-09-22T17:03:31","modified_gmt":"2023-09-22T15:03:31","slug":"projekte","status":"publish","type":"page","link":"https:\/\/machenev.de\/?page_id=349","title":{"rendered":"Projekte"},"content":{"rendered":"\t\t<div data-elementor-type=\"wp-page\" data-elementor-id=\"349\" class=\"elementor elementor-349\" data-elementor-post-type=\"page\">\n\t\t\t\t\t\t<section class=\"elementor-section elementor-top-section elementor-element elementor-element-28e3562 elementor-section-height-min-height elementor-section-stretched elementor-section-boxed elementor-section-height-default elementor-section-items-middle\" data-id=\"28e3562\" data-element_type=\"section\" data-settings=\"{&quot;stretch_section&quot;:&quot;section-stretched&quot;,&quot;jet_parallax_layout_list&quot;:[],&quot;background_background&quot;:&quot;classic&quot;}\">\n\t\t\t\t\t\t\t<div class=\"elementor-background-overlay\"><\/div>\n\t\t\t\t\t\t\t<div class=\"elementor-container elementor-column-gap-default\">\n\t\t\t\t\t<div class=\"elementor-column elementor-col-100 elementor-top-column elementor-element elementor-element-387b6f9\" data-id=\"387b6f9\" data-element_type=\"column\">\n\t\t\t<div class=\"elementor-widget-wrap elementor-element-populated\">\n\t\t\t\t\t\t<div class=\"elementor-element elementor-element-5c6e209 elementor-widget elementor-widget-heading\" data-id=\"5c6e209\" data-element_type=\"widget\" data-widget_type=\"heading.default\">\n\t\t\t\t<div class=\"elementor-widget-container\">\n\t\t\t<style>\/*! elementor - v3.23.0 - 15-07-2024 *\/\n.elementor-heading-title{padding:0;margin:0;line-height:1}.elementor-widget-heading .elementor-heading-title[class*=elementor-size-]>a{color:inherit;font-size:inherit;line-height:inherit}.elementor-widget-heading .elementor-heading-title.elementor-size-small{font-size:15px}.elementor-widget-heading .elementor-heading-title.elementor-size-medium{font-size:19px}.elementor-widget-heading .elementor-heading-title.elementor-size-large{font-size:29px}.elementor-widget-heading .elementor-heading-title.elementor-size-xl{font-size:39px}.elementor-widget-heading .elementor-heading-title.elementor-size-xxl{font-size:59px}<\/style><h2 class=\"elementor-heading-title elementor-size-default\">Projekte<\/h2>\t\t<\/div>\n\t\t\t\t<\/div>\n\t\t\t\t<div class=\"elementor-element elementor-element-e2b4e13 elementor-widget elementor-widget-spacer\" data-id=\"e2b4e13\" data-element_type=\"widget\" data-widget_type=\"spacer.default\">\n\t\t\t\t<div class=\"elementor-widget-container\">\n\t\t\t<style>\/*! elementor - v3.23.0 - 15-07-2024 *\/\n.elementor-column .elementor-spacer-inner{height:var(--spacer-size)}.e-con{--container-widget-width:100%}.e-con-inner>.elementor-widget-spacer,.e-con>.elementor-widget-spacer{width:var(--container-widget-width,var(--spacer-size));--align-self:var(--container-widget-align-self,initial);--flex-shrink:0}.e-con-inner>.elementor-widget-spacer>.elementor-widget-container,.e-con>.elementor-widget-spacer>.elementor-widget-container{height:100%;width:100%}.e-con-inner>.elementor-widget-spacer>.elementor-widget-container>.elementor-spacer,.e-con>.elementor-widget-spacer>.elementor-widget-container>.elementor-spacer{height:100%}.e-con-inner>.elementor-widget-spacer>.elementor-widget-container>.elementor-spacer>.elementor-spacer-inner,.e-con>.elementor-widget-spacer>.elementor-widget-container>.elementor-spacer>.elementor-spacer-inner{height:var(--container-widget-height,var(--spacer-size))}.e-con-inner>.elementor-widget-spacer.elementor-widget-empty,.e-con>.elementor-widget-spacer.elementor-widget-empty{position:relative;min-height:22px;min-width:22px}.e-con-inner>.elementor-widget-spacer.elementor-widget-empty .elementor-widget-empty-icon,.e-con>.elementor-widget-spacer.elementor-widget-empty .elementor-widget-empty-icon{position:absolute;top:0;bottom:0;left:0;right:0;margin:auto;padding:0;width:22px;height:22px}<\/style>\t\t<div class=\"elementor-spacer\">\n\t\t\t<div class=\"elementor-spacer-inner\"><\/div>\n\t\t<\/div>\n\t\t\t\t<\/div>\n\t\t\t\t<\/div>\n\t\t\t\t<div class=\"elementor-element elementor-element-354bbf1 elementor-arrows-position-inside elementor-widget elementor-widget-image-carousel\" data-id=\"354bbf1\" data-element_type=\"widget\" data-settings=\"{&quot;slides_to_show&quot;:&quot;3&quot;,&quot;navigation&quot;:&quot;arrows&quot;,&quot;image_spacing_custom&quot;:{&quot;unit&quot;:&quot;px&quot;,&quot;size&quot;:5,&quot;sizes&quot;:[]},&quot;autoplay&quot;:&quot;yes&quot;,&quot;pause_on_hover&quot;:&quot;yes&quot;,&quot;pause_on_interaction&quot;:&quot;yes&quot;,&quot;autoplay_speed&quot;:5000,&quot;infinite&quot;:&quot;yes&quot;,&quot;speed&quot;:500,&quot;image_spacing_custom_tablet&quot;:{&quot;unit&quot;:&quot;px&quot;,&quot;size&quot;:&quot;&quot;,&quot;sizes&quot;:[]},&quot;image_spacing_custom_mobile&quot;:{&quot;unit&quot;:&quot;px&quot;,&quot;size&quot;:&quot;&quot;,&quot;sizes&quot;:[]}}\" data-widget_type=\"image-carousel.default\">\n\t\t\t\t<div class=\"elementor-widget-container\">\n\t\t\t<style>\/*! elementor - v3.23.0 - 15-07-2024 *\/\n.elementor-widget-image-carousel .swiper,.elementor-widget-image-carousel .swiper-container{position:static}.elementor-widget-image-carousel .swiper-container .swiper-slide figure,.elementor-widget-image-carousel .swiper .swiper-slide figure{line-height:inherit}.elementor-widget-image-carousel .swiper-slide{text-align:center}.elementor-image-carousel-wrapper:not(.swiper-container-initialized):not(.swiper-initialized) .swiper-slide{max-width:calc(100% \/ var(--e-image-carousel-slides-to-show, 3))}<\/style>\t\t<div class=\"elementor-image-carousel-wrapper swiper\" dir=\"ltr\">\n\t\t\t<div class=\"elementor-image-carousel swiper-wrapper swiper-image-stretch\" aria-live=\"off\">\n\t\t\t\t\t\t\t\t<div class=\"swiper-slide\" role=\"group\" aria-roledescription=\"slide\" aria-label=\"1 von 24\"><figure class=\"swiper-slide-inner\"><img decoding=\"async\" class=\"swiper-slide-image\" src=\"https:\/\/machenev.de\/wp-content\/uploads\/2021\/03\/IMG_4060-500x500.jpg\" alt=\"\" \/><\/figure><\/div><div class=\"swiper-slide\" role=\"group\" aria-roledescription=\"slide\" aria-label=\"2 von 24\"><figure class=\"swiper-slide-inner\"><img decoding=\"async\" class=\"swiper-slide-image\" src=\"https:\/\/machenev.de\/wp-content\/uploads\/2021\/03\/IMG_4970-500x500.jpg\" alt=\"\" \/><\/figure><\/div><div class=\"swiper-slide\" role=\"group\" aria-roledescription=\"slide\" aria-label=\"3 von 24\"><figure class=\"swiper-slide-inner\"><img decoding=\"async\" class=\"swiper-slide-image\" src=\"https:\/\/machenev.de\/wp-content\/uploads\/2021\/03\/IMG_5025-500x500.jpg\" alt=\"\" \/><\/figure><\/div><div class=\"swiper-slide\" role=\"group\" aria-roledescription=\"slide\" aria-label=\"4 von 24\"><figure class=\"swiper-slide-inner\"><img decoding=\"async\" class=\"swiper-slide-image\" src=\"https:\/\/machenev.de\/wp-content\/uploads\/2021\/03\/IMG_2759-500x500.jpg\" alt=\"\" \/><\/figure><\/div><div class=\"swiper-slide\" role=\"group\" aria-roledescription=\"slide\" aria-label=\"5 von 24\"><figure class=\"swiper-slide-inner\"><img decoding=\"async\" class=\"swiper-slide-image\" src=\"https:\/\/machenev.de\/wp-content\/uploads\/2021\/03\/IMG_4123-500x500.jpg\" alt=\"\" \/><\/figure><\/div><div class=\"swiper-slide\" role=\"group\" aria-roledescription=\"slide\" aria-label=\"6 von 24\"><figure class=\"swiper-slide-inner\"><img decoding=\"async\" class=\"swiper-slide-image\" src=\"https:\/\/machenev.de\/wp-content\/uploads\/2021\/03\/IMG_4975-500x500.jpg\" alt=\"\" \/><\/figure><\/div><div class=\"swiper-slide\" role=\"group\" aria-roledescription=\"slide\" aria-label=\"7 von 24\"><figure class=\"swiper-slide-inner\"><img decoding=\"async\" class=\"swiper-slide-image\" src=\"https:\/\/machenev.de\/wp-content\/uploads\/2021\/03\/IMG_0804-500x500.jpg\" alt=\"IMG_0804\" \/><\/figure><\/div><div class=\"swiper-slide\" role=\"group\" aria-roledescription=\"slide\" aria-label=\"8 von 24\"><figure class=\"swiper-slide-inner\"><img decoding=\"async\" class=\"swiper-slide-image\" src=\"https:\/\/machenev.de\/wp-content\/uploads\/2021\/03\/IMG_0805-500x500.jpg\" alt=\"\" \/><\/figure><\/div><div class=\"swiper-slide\" role=\"group\" aria-roledescription=\"slide\" aria-label=\"9 von 24\"><figure class=\"swiper-slide-inner\"><img decoding=\"async\" class=\"swiper-slide-image\" src=\"https:\/\/machenev.de\/wp-content\/uploads\/2021\/03\/IMG_0811-500x500.jpg\" alt=\"\" \/><\/figure><\/div><div class=\"swiper-slide\" role=\"group\" aria-roledescription=\"slide\" aria-label=\"10 von 24\"><figure class=\"swiper-slide-inner\"><img decoding=\"async\" class=\"swiper-slide-image\" src=\"https:\/\/machenev.de\/wp-content\/uploads\/2021\/03\/IMG_0812-500x500.jpg\" alt=\"IMG_0812\" \/><\/figure><\/div><div class=\"swiper-slide\" role=\"group\" aria-roledescription=\"slide\" aria-label=\"11 von 24\"><figure class=\"swiper-slide-inner\"><img decoding=\"async\" class=\"swiper-slide-image\" src=\"https:\/\/machenev.de\/wp-content\/uploads\/2021\/03\/IMG_0810-500x500.jpg\" alt=\"IMG_0810\" \/><\/figure><\/div><div class=\"swiper-slide\" role=\"group\" aria-roledescription=\"slide\" aria-label=\"12 von 24\"><figure class=\"swiper-slide-inner\"><img decoding=\"async\" class=\"swiper-slide-image\" src=\"https:\/\/machenev.de\/wp-content\/uploads\/2021\/03\/IMG_5073-1-500x500.jpg\" alt=\"\" \/><\/figure><\/div><div class=\"swiper-slide\" role=\"group\" aria-roledescription=\"slide\" aria-label=\"13 von 24\"><figure class=\"swiper-slide-inner\"><img decoding=\"async\" class=\"swiper-slide-image\" src=\"https:\/\/machenev.de\/wp-content\/uploads\/2021\/03\/IMG_5077-1-500x500.jpg\" alt=\"IMG_5077 (1)\" \/><\/figure><\/div><div class=\"swiper-slide\" role=\"group\" aria-roledescription=\"slide\" aria-label=\"14 von 24\"><figure class=\"swiper-slide-inner\"><img decoding=\"async\" class=\"swiper-slide-image\" src=\"https:\/\/machenev.de\/wp-content\/uploads\/2021\/03\/IMG_5075-1-500x500.jpg\" alt=\"\" \/><\/figure><\/div><div class=\"swiper-slide\" role=\"group\" aria-roledescription=\"slide\" aria-label=\"15 von 24\"><figure class=\"swiper-slide-inner\"><img decoding=\"async\" class=\"swiper-slide-image\" src=\"https:\/\/machenev.de\/wp-content\/uploads\/2021\/03\/IMG_0796-500x500.jpg\" alt=\"IMG_0796\" \/><\/figure><\/div><div class=\"swiper-slide\" role=\"group\" aria-roledescription=\"slide\" aria-label=\"16 von 24\"><figure class=\"swiper-slide-inner\"><img decoding=\"async\" class=\"swiper-slide-image\" src=\"https:\/\/machenev.de\/wp-content\/uploads\/2021\/03\/IMG_0793-500x500.jpg\" alt=\"\" \/><\/figure><\/div><div class=\"swiper-slide\" role=\"group\" aria-roledescription=\"slide\" aria-label=\"17 von 24\"><figure class=\"swiper-slide-inner\"><img decoding=\"async\" class=\"swiper-slide-image\" src=\"https:\/\/machenev.de\/wp-content\/uploads\/2021\/03\/IMG_0777-500x500.jpg\" alt=\"IMG_0777\" \/><\/figure><\/div><div class=\"swiper-slide\" role=\"group\" aria-roledescription=\"slide\" aria-label=\"18 von 24\"><figure class=\"swiper-slide-inner\"><img decoding=\"async\" class=\"swiper-slide-image\" src=\"https:\/\/machenev.de\/wp-content\/uploads\/2021\/03\/IMG_0766-500x500.jpg\" alt=\"IMG_0766\" \/><\/figure><\/div><div class=\"swiper-slide\" role=\"group\" aria-roledescription=\"slide\" aria-label=\"19 von 24\"><figure class=\"swiper-slide-inner\"><img decoding=\"async\" class=\"swiper-slide-image\" src=\"https:\/\/machenev.de\/wp-content\/uploads\/2021\/03\/IMG_0772-500x500.jpg\" alt=\"\" \/><\/figure><\/div><div class=\"swiper-slide\" role=\"group\" aria-roledescription=\"slide\" aria-label=\"20 von 24\"><figure class=\"swiper-slide-inner\"><img decoding=\"async\" class=\"swiper-slide-image\" src=\"https:\/\/machenev.de\/wp-content\/uploads\/2021\/03\/IMG_0762-500x500.jpg\" alt=\"IMG_0762\" \/><\/figure><\/div><div class=\"swiper-slide\" role=\"group\" aria-roledescription=\"slide\" aria-label=\"21 von 24\"><figure class=\"swiper-slide-inner\"><img decoding=\"async\" class=\"swiper-slide-image\" src=\"https:\/\/machenev.de\/wp-content\/uploads\/2021\/03\/IMG_0761-500x500.jpg\" alt=\"\" \/><\/figure><\/div><div class=\"swiper-slide\" role=\"group\" aria-roledescription=\"slide\" aria-label=\"22 von 24\"><figure class=\"swiper-slide-inner\"><img decoding=\"async\" class=\"swiper-slide-image\" src=\"https:\/\/machenev.de\/wp-content\/uploads\/2021\/03\/IMG_5421-500x500.jpg\" alt=\"IMG_5421\" \/><\/figure><\/div><div class=\"swiper-slide\" role=\"group\" aria-roledescription=\"slide\" aria-label=\"23 von 24\"><figure class=\"swiper-slide-inner\"><img decoding=\"async\" class=\"swiper-slide-image\" src=\"https:\/\/machenev.de\/wp-content\/uploads\/2021\/03\/IMG_5427-500x500.jpg\" alt=\"IMG_5427\" \/><\/figure><\/div><div class=\"swiper-slide\" role=\"group\" aria-roledescription=\"slide\" aria-label=\"24 von 24\"><figure class=\"swiper-slide-inner\"><img decoding=\"async\" class=\"swiper-slide-image\" src=\"https:\/\/machenev.de\/wp-content\/uploads\/2021\/09\/Bild-500x500.png\" alt=\"Bild\" \/><\/figure><\/div>\t\t\t<\/div>\n\t\t\t\t\t\t\t\t\t\t\t\t<div class=\"elementor-swiper-button elementor-swiper-button-prev\" role=\"button\" tabindex=\"0\">\n\t\t\t\t\t\t<i aria-hidden=\"true\" class=\"eicon-chevron-left\"><\/i>\t\t\t\t\t<\/div>\n\t\t\t\t\t<div class=\"elementor-swiper-button elementor-swiper-button-next\" role=\"button\" tabindex=\"0\">\n\t\t\t\t\t\t<i aria-hidden=\"true\" class=\"eicon-chevron-right\"><\/i>\t\t\t\t\t<\/div>\n\t\t\t\t\n\t\t\t\t\t\t\t\t\t<\/div>\n\t\t\t\t<\/div>\n\t\t\t\t<\/div>\n\t\t\t\t<div class=\"elementor-element elementor-element-8bb522b elementor-widget elementor-widget-spacer\" data-id=\"8bb522b\" data-element_type=\"widget\" data-widget_type=\"spacer.default\">\n\t\t\t\t<div class=\"elementor-widget-container\">\n\t\t\t\t\t<div class=\"elementor-spacer\">\n\t\t\t<div class=\"elementor-spacer-inner\"><\/div>\n\t\t<\/div>\n\t\t\t\t<\/div>\n\t\t\t\t<\/div>\n\t\t\t\t<div class=\"elementor-element elementor-element-e83e328 elementor-widget elementor-widget-jet-timeline\" data-id=\"e83e328\" data-element_type=\"widget\" data-widget_type=\"jet-timeline.default\">\n\t\t\t\t<div class=\"elementor-widget-container\">\n\t\t\t<div class=\"elementor-jet-timeline jet-elements\"><div class=\"jet-timeline jet-timeline--align-center jet-timeline--align-middle\">\n\t<div class=\"jet-timeline__line\"><div class=\"jet-timeline__line-progress\"><\/div><\/div>\n\t<div class=\"jet-timeline-list\"><div class=\"jet-timeline-item  elementor-repeater-item-34299d6 jet-timeline-item--image-inside\">\n\t<div class=\"timeline-item__card\">\n\t\t<div class=\"timeline-item__card-inner\">\n\t\t\t\t\t\t\t\t<div class=\"timeline-item__card-content\">\n\t\t\t\t\t<div class=\"timeline-item__meta\"><div class=\"timeline-item__meta-content\">August 2016<\/div><\/div><h5 class=\"timeline-item__card-title\">Sansibar<\/h5><div class=\"timeline-item__card-desc\">Vor Vereinsgr\u00fcndung statten wir auf Sansibar eine Schule mit Tischen, B\u00e4nken und Lehrmitteln aus.<\/div>\t\t\t\t<\/div>\n\t\t\t\t\t\t<\/div>\n\t\t<div class=\"timeline-item__card-arrow\"><\/div>\n\t<\/div>\n\t<div class=\"timeline-item__point\"><div class=\"timeline-item__point-content timeline-item__point-content--icon\"><span class=\"jet-elements-icon\"><i aria-hidden=\"true\" class=\"fas fa-book\"><\/i><\/span><\/div><\/div><div class=\"timeline-item__meta\"><div class=\"timeline-item__meta-content\">August 2016<\/div><\/div><\/div><div class=\"jet-timeline-item  elementor-repeater-item-647b117 jet-timeline-item--image-inside\">\n\t<div class=\"timeline-item__card\">\n\t\t<div class=\"timeline-item__card-inner\">\n\t\t\t\t\t\t\t\t<div class=\"timeline-item__card-content\">\n\t\t\t\t\t<div class=\"timeline-item__meta\"><div class=\"timeline-item__meta-content\">November 2018<\/div><\/div><h5 class=\"timeline-item__card-title\">S\u00fcdafrika<\/h5><div class=\"timeline-item__card-desc\">Tobi und Nicole fliegen nach S\u00fcdafrika (Hochzeitsreise) und lernen dort den Verein Eco Children kennen. Eco Children ebenfalls ein Non-Profit-Verein, der den Kindern vor Ort erkl\u00e4rt wie man Obst & Gem\u00fcse selbst anbaut und wie wichtig der richtige Umgang mit der Umwelt ist.\n<br><br>Da sich viele Kinder keine Schuluniform leisten k\u00f6nnen, k\u00f6nnen wir mit unseren Spenden 70 Kindern eine komplette Schuluniform zur Verf\u00fcgung stellen.\nDes Weiteren gibt es jedes Jahr das Santa Shoe Box Projekt.\nDie Kinder erhalten zu Weihnachten eine Shoe Box mit kleinen Geschenken, aber auch notwendigen Dingen wie  Zahnb\u00fcrste, Zahnpasta, Seife etc. Dies ist meist das einzige Geschenk, dass die Kinder zu Weihnachten erhalten. <br><br>Wir haben die einmalige Chance und d\u00fcrfen die Ausgabe der Boxen erleben. Eine hochemotionale Angelegenheit. Einfach wunderbar, wie sich die Kinder \u00fcber Bleistift und Zahnb\u00fcrste freuen.\n<\/div>\t\t\t\t<\/div>\n\t\t\t\t\t\t<\/div>\n\t\t<div class=\"timeline-item__card-arrow\"><\/div>\n\t<\/div>\n\t<div class=\"timeline-item__point\"><div class=\"timeline-item__point-content timeline-item__point-content--icon\"><span class=\"jet-elements-icon\"><i aria-hidden=\"true\" class=\"fas fa-box-open\"><\/i><\/span><\/div><\/div><div class=\"timeline-item__meta\"><div class=\"timeline-item__meta-content\">November 2018<\/div><\/div><\/div><div class=\"jet-timeline-item  elementor-repeater-item-3d25a0d jet-timeline-item--image-inside\">\n\t<div class=\"timeline-item__card\">\n\t\t<div class=\"timeline-item__card-inner\">\n\t\t\t\t\t\t\t\t<div class=\"timeline-item__card-content\">\n\t\t\t\t\t<div class=\"timeline-item__meta\"><div class=\"timeline-item__meta-content\">Februar 2019<\/div><\/div><h5 class=\"timeline-item__card-title\">Eco Children<\/h5><div class=\"timeline-item__card-desc\">Wir spenden an Eco Children USB Sticks welche dringend f\u00fcr die Sch\u00fcler und Lehrkr\u00e4fte ben\u00f6tigt werden sowie Lautsprecher f\u00fcr Veranstaltungen und Sportunterricht.<\/div>\t\t\t\t<\/div>\n\t\t\t\t\t\t<\/div>\n\t\t<div class=\"timeline-item__card-arrow\"><\/div>\n\t<\/div>\n\t<div class=\"timeline-item__point\"><div class=\"timeline-item__point-content timeline-item__point-content--icon\"><span class=\"jet-elements-icon\"><i aria-hidden=\"true\" class=\"fab fa-usb\"><\/i><\/span><\/div><\/div><div class=\"timeline-item__meta\"><div class=\"timeline-item__meta-content\">Februar 2019<\/div><\/div><\/div><div class=\"jet-timeline-item  elementor-repeater-item-a206bff jet-timeline-item--image-inside\">\n\t<div class=\"timeline-item__card\">\n\t\t<div class=\"timeline-item__card-inner\">\n\t\t\t\t\t\t\t\t<div class=\"timeline-item__card-content\">\n\t\t\t\t\t<div class=\"timeline-item__meta\"><div class=\"timeline-item__meta-content\">Juli 2019<\/div><\/div><h5 class=\"timeline-item__card-title\">Charitykonzert<\/h5><div class=\"timeline-item__card-desc\">Der Verein veranstaltet gemeinsam mit der Kreafaktur GmbH und der Band La Diri ein Charity Konzert. Hier sammeln wir kr\u00e4ftig spenden f\u00fcr ein Kinderschulprojekt in George S\u00fcdafrika.<\/div>\t\t\t\t<\/div>\n\t\t\t\t\t\t<\/div>\n\t\t<div class=\"timeline-item__card-arrow\"><\/div>\n\t<\/div>\n\t<div class=\"timeline-item__point\"><div class=\"timeline-item__point-content timeline-item__point-content--icon\"><span class=\"jet-elements-icon\"><i aria-hidden=\"true\" class=\"fas fa-music\"><\/i><\/span><\/div><\/div><div class=\"timeline-item__meta\"><div class=\"timeline-item__meta-content\">Juli 2019<\/div><\/div><\/div><div class=\"jet-timeline-item  elementor-repeater-item-ec94744 jet-timeline-item--image-inside\">\n\t<div class=\"timeline-item__card\">\n\t\t<div class=\"timeline-item__card-inner\">\n\t\t\t\t\t\t\t\t<div class=\"timeline-item__card-content\">\n\t\t\t\t\t<div class=\"timeline-item__meta\"><div class=\"timeline-item__meta-content\">November 2019<\/div><\/div><h5 class=\"timeline-item__card-title\">S\u00fcdafrika<\/h5><div class=\"timeline-item__card-desc\">Tobi und Nicole fliegen wieder nach S\u00fcdafrika.\nWir stehen immer noch in engem Kontakt mit Eco Children \u2013 liegt aber nicht auf unserer Reiseroute \u2013 leider k\u00f6nnen wir dort keinen Besuch abstatten.\nDaf\u00fcr treffen wir in George auf David von LIFE Community Service.\n<br><br>\nHier haben die Mitglieder einen Safe Place f\u00fcr Kinder im Slum erbaut. Hier werden Kinder von Klasse 1-4 unterrichtet, erhalten ein nahrhaftes Fr\u00fchst\u00fcck und Mittagessen (meist die einzige Mahlzeit) und einen sicheren Zufluchtsort.\n<br><br>\nWir erleben die Lebensfreude der Kinder beim gemeinsamen Fu\u00dfball spielen und merken mal wieder, mit wie wenig die Kinder hier gl\u00fccklich sind.\nWir sind uns sicher, dass hier unsere Spenden gut angelegt sind. \nWir statten ein Klassenzimmer mit neuen B\u00e4nken aus und unterst\u00fctzen bei einem Neubau einer H\u00fctte f\u00fcr eine neue Schulklasse. \n<br><br>\nWir arbeiten bis heute mit\nDavid eng zusammen und unterst\u00fctzen den Verein wo wir k\u00f6nnen.\nEine Tolle Initiative und ein st\u00e4ndig wachsendes Projekt. \n\nBis heute konnten wir dazu beitragen weitere Schulklassen zu er\u00f6ffnen. Leider Coronabedingt ohne Vorort zu sein, aber dank David unserem Kontakt vor Ort, mit Geldspenden direkt vor Ort gro\u00dfes erreichen.\n\n<\/div>\t\t\t\t<\/div>\n\t\t\t\t\t\t<\/div>\n\t\t<div class=\"timeline-item__card-arrow\"><\/div>\n\t<\/div>\n\t<div class=\"timeline-item__point\"><div class=\"timeline-item__point-content timeline-item__point-content--icon\"><span class=\"jet-elements-icon\"><i aria-hidden=\"true\" class=\"fas fa-school\"><\/i><\/span><\/div><\/div><div class=\"timeline-item__meta\"><div class=\"timeline-item__meta-content\">November 2019<\/div><\/div><\/div><div class=\"jet-timeline-item  elementor-repeater-item-d8563ac jet-timeline-item--image-inside\">\n\t<div class=\"timeline-item__card\">\n\t\t<div class=\"timeline-item__card-inner\">\n\t\t\t\t\t\t\t\t<div class=\"timeline-item__card-content\">\n\t\t\t\t\t<div class=\"timeline-item__meta\"><div class=\"timeline-item__meta-content\">M\u00e4rz 2022<\/div><\/div><h5 class=\"timeline-item__card-title\">Ukrainke Krieg<\/h5><div class=\"timeline-item__card-desc\">Wir sammeln Spenden aller Art. Kissen, Decken, Kleider, Medikamente, Lebensmittel.\nWir sind begeistert von der Hilfsbereitschaft. Mit Sachspenden weit \u00fcber 10.000\u20ac starten Alex und Tobi am 18.03.2022 mit einem Sprinter und riesigem Anh\u00e4nger in Richtung Ukraine und bringen die Spenden 2000 km weit direkt vor Ort. \nDort werden die Spenden direkt vom roten Kreuz weiterverteilt.\n<\/div>\t\t\t\t<\/div>\n\t\t\t\t\t\t<\/div>\n\t\t<div class=\"timeline-item__card-arrow\"><\/div>\n\t<\/div>\n\t<div class=\"timeline-item__point\"><div class=\"timeline-item__point-content timeline-item__point-content--icon\"><span class=\"jet-elements-icon\"><i aria-hidden=\"true\" class=\"fas fa-ambulance\"><\/i><\/span><\/div><\/div><div class=\"timeline-item__meta\"><div class=\"timeline-item__meta-content\">M\u00e4rz 2022<\/div><\/div><\/div><div class=\"jet-timeline-item  elementor-repeater-item-0617566 jet-timeline-item--image-inside\">\n\t<div class=\"timeline-item__card\">\n\t\t<div class=\"timeline-item__card-inner\">\n\t\t\t\t\t\t\t\t<div class=\"timeline-item__card-content\">\n\t\t\t\t\t<div class=\"timeline-item__meta\"><div class=\"timeline-item__meta-content\">2022 - heute<\/div><\/div><h5 class=\"timeline-item__card-title\">Diverse Sammelaktionen<\/h5><div class=\"timeline-item__card-desc\">Wir sind Teil einiger Sammelaktionen f\u00fcr die Fl\u00fcchtlinge und Kriegsopfer vor Ort. Zusammen mit Herrn Dietmar Buchfink welche hier federf\u00fchrend die Sammelprojekte wie Tombolas anst\u00f6\u00dft k\u00f6nnen \u00fcber 10.000\u20ac weiterer Spendengelder gesammelt werden, mit welchen wir Lebensmitteltransporte und dringend ben\u00f6tigte Medikamente in die Kriesenregion schaffen k\u00f6nnen.\nDanke f\u00fcr diesen Aufopfernden Einsatz lieber Dietmar.\n<\/div>\t\t\t\t<\/div>\n\t\t\t\t\t\t<\/div>\n\t\t<div class=\"timeline-item__card-arrow\"><\/div>\n\t<\/div>\n\t<div class=\"timeline-item__point\"><div class=\"timeline-item__point-content timeline-item__point-content--icon\"><span class=\"jet-elements-icon\"><i aria-hidden=\"true\" class=\"fas fa-hand-holding-medical\"><\/i><\/span><\/div><\/div><div class=\"timeline-item__meta\"><div class=\"timeline-item__meta-content\">2022 - heute<\/div><\/div><\/div><\/div><\/div><\/div>\t\t<\/div>\n\t\t\t\t<\/div>\n\t\t\t\t\t<\/div>\n\t\t<\/div>\n\t\t\t\t\t<\/div>\n\t\t<\/section>\n\t\t\t\t<\/div>\n\t\t","protected":false},"excerpt":{"rendered":"<p>Projekte August 2016 Sansibar Vor Vereinsgr\u00fcndung statten wir auf Sansibar eine Schule mit Tischen, B\u00e4nken und Lehrmitteln aus. August 2016 November 2018 S\u00fcdafrika Tobi und Nicole fliegen nach S\u00fcdafrika (Hochzeitsreise) und lernen dort den Verein Eco Children kennen. Eco Children ebenfalls ein Non-Profit-Verein, der den Kindern vor Ort erkl\u00e4rt wie man Obst &#038; Gem\u00fcse selbst [&hellip;]<\/p>\n","protected":false},"author":2,"featured_media":0,"parent":0,"menu_order":0,"comment_status":"closed","ping_status":"closed","template":"","meta":{"_acf_changed":false,"footnotes":""},"class_list":["post-349","page","type-page","status-publish","hentry"],"acf":[],"_links":{"self":[{"href":"https:\/\/machenev.de\/index.php?rest_route=\/wp\/v2\/pages\/349","targetHints":{"allow":["GET"]}}],"collection":[{"href":"https:\/\/machenev.de\/index.php?rest_route=\/wp\/v2\/pages"}],"about":[{"href":"https:\/\/machenev.de\/index.php?rest_route=\/wp\/v2\/types\/page"}],"author":[{"embeddable":true,"href":"https:\/\/machenev.de\/index.php?rest_route=\/wp\/v2\/users\/2"}],"replies":[{"embeddable":true,"href":"https:\/\/machenev.de\/index.php?rest_route=%2Fwp%2Fv2%2Fcomments&post=349"}],"version-history":[{"count":21,"href":"https:\/\/machenev.de\/index.php?rest_route=\/wp\/v2\/pages\/349\/revisions"}],"predecessor-version":[{"id":578,"href":"https:\/\/machenev.de\/index.php?rest_route=\/wp\/v2\/pages\/349\/revisions\/578"}],"wp:attachment":[{"href":"https:\/\/machenev.de\/index.php?rest_route=%2Fwp%2Fv2%2Fmedia&parent=349"}],"curies":[{"name":"wp","href":"https:\/\/api.w.org\/{rel}","templated":true}]}}